{"id":121,"date":"2015-10-03T19:59:44","date_gmt":"2015-10-03T19:59:44","guid":{"rendered":"http:\/\/total.wpexplorer.com\/corporate\/?page_id=2"},"modified":"2025-10-28T14:08:39","modified_gmt":"2025-10-28T11:08:39","slug":"home","status":"publish","type":"page","link":"https:\/\/asansorkontrol.com.tr\/","title":{"rendered":"Ana Sayfa"},"content":{"rendered":"[vc_row tablet_fullwidth_cols=&#8221;yes&#8221; css=&#8221;.vc_custom_1520019953845{padding-top: 60px !important;padding-bottom: 20px !important;}&#8221;][vc_column width=&#8221;1\/4&#8243;]<div class=\"vcex-module vcex-icon-box clr vcex-icon-box-two vcex-icon-box-w-bg  vc_custom_1666389811185\"><div class=\"vcex-icon-box-icon no-padding\" style=\"color:#ffffff;width:100px;font-size:48px;border-radius:50%;background:#83c132;height:100px;line-height:100px;\"><span class=\"vc_li vc_li-user\" aria-hidden=\"true\"><\/span><\/div><div class=\"vcex-icon-box-heading\">Y\u00f6neticiler \u0130\u00e7in<\/div><div class=\"vcex-icon-box-content clr\"><p>Bu hizmet kapsam\u0131nda;<br \/>\nTeslim alma a\u015famas\u0131ndaki teknik kontroller, periyodik kontrol ve\u00a0 modernizasyon gibi s\u00fcre\u00e7lerin teknik kontrolleri yap\u0131lmaktad\u0131r.<\/p>\n<\/div><\/div>[\/vc_column][vc_column width=&#8221;1\/4&#8243;]<div class=\"vcex-module vcex-icon-box clr vcex-icon-box-two vcex-icon-box-w-bg  vc_custom_1666389857643\"><div class=\"vcex-icon-box-icon no-padding\" style=\"color:#ffffff;width:100px;font-size:48px;border-radius:50%;background:#83c132;height:100px;line-height:100px;\"><span class=\"ticon ticon-building\" aria-hidden=\"true\"><\/span><\/div><div class=\"vcex-icon-box-heading\">M\u00fcteahhit ve<br \/>\nResmi Kurumlar \u0130\u00e7in<\/div><div class=\"vcex-icon-box-content clr\"><p>\u015eartname ve s\u00f6zle\u015fme kontrolleri, teklifler ve hak edi\u015flerin kontrol\u00fc, y\u00f6netmeli\u011fe uygunluk gibi konularda hizmet verilmektedir.<\/p>\n<\/div><\/div>[\/vc_column][vc_column width=&#8221;1\/4&#8243;]<div class=\"vcex-module vcex-icon-box clr vcex-icon-box-two vcex-icon-box-w-bg  vc_custom_1666389382187\"><div class=\"vcex-icon-box-icon no-padding\" style=\"color:#ffffff;width:100px;font-size:48px;border-radius:50%;background:#83c132;height:100px;line-height:100px;\"><span class=\"fas fa-landmark\" aria-hidden=\"true\"><\/span><\/div><div class=\"vcex-icon-box-heading\">Belediyeler \u0130\u00e7in<\/div><div class=\"vcex-icon-box-content clr\"><p>Avan projelerinin kontrol\u00fc ve onay\u0131, Asans\u00f6r periyodik kontrollerinin yap\u0131lmas\u0131 hizmetleri belediyeler i\u00e7in titizlikle sunulmaktad\u0131r.<\/p>\n<\/div><\/div>[\/vc_column][vc_column width=&#8221;1\/4&#8243;]<div class=\"vcex-module vcex-icon-box clr vcex-icon-box-two vcex-icon-box-w-bg  vc_custom_1666389744401\"><div class=\"vcex-icon-box-icon no-padding\" style=\"color:#ffffff;width:100px;font-size:48px;border-radius:50%;background:#83c132;height:100px;line-height:100px;\"><span class=\"ticon ticon-pause\" aria-hidden=\"true\"><\/span><\/div><div class=\"vcex-icon-box-heading\">Asans\u00f6r Firmalar\u0131 \u0130\u00e7in<\/div><div class=\"vcex-icon-box-content clr\"><p>Projelerin ve asans\u00f6r kuyular\u0131n\u0131n incelenmesi, \u015fartname ve s\u00f6zle\u015fmelerin incelenmesi, montaj ara kontrollerinin yap\u0131lmas\u0131, son kontrollerin yap\u0131lmas\u0131 hizmetleri sunulmaktad\u0131r.<\/p>\n<\/div><\/div>[\/vc_column][\/vc_row][vc_row full_width=&#8221;stretch_row&#8221; parallax=&#8221;content-moving&#8221; parallax_image=&#8221;165&#8243; remove_bottom_col_margin=&#8221;true&#8221; css=&#8221;.vc_custom_1666390231233{padding-top: 100px !important;padding-bottom: 100px !important;background-color: #555555 !important;}&#8221;][vc_column width=&#8221;2\/3&#8243;]<div class=\"vcex-module vcex-heading vcex-heading-plain vc_custom_1666390296148\" style=\"color:#ffffff;font-size:26px;text-align:center;\"><span class=\"vcex-heading-inner clr\">Asans\u00f6rlerinizin Periyodik Kontrolleri \u0130\u00e7in<\/span><\/div><div class=\"vcex-module vcex-divider vcex-divider-solid\" style=\"width:80px;border-top-width:3px;border-color:#83c132;\"><\/div>[vc_column_text width=&#8221;700px&#8221; color=&#8221;#ffffff&#8221; font_size=&#8221;16&#8243;]\n<p style=\"text-align: center;\">Bina sorumlusu: Asans\u00f6r\u00fcn g\u00fcvenli bir \u015fekilde kullan\u0131m\u0131n\u0131 sa\u011flamak amac\u0131yla d\u00fczenli olarak bak\u0131m\u0131n\u0131, periyodik kontrol\u00fcn\u00fc ve onar\u0131m\u0131n\u0131 yapt\u0131rmaktan sorumlu olan, binada\/yap\u0131da kat maliklerinin kendi aralar\u0131nda se\u00e7ece\u011fi veya d\u0131\u015far\u0131dan yetki verece\u011fi ki\u015fiyi veya kat malikini..<\/p>\n[\/vc_column_text]<div class=\"vcex-spacing\" style=\"height:30px\"><\/div><div class=\"textcenter theme-button-wrap clr\"><a href=\"http:\/\/asansorkontrol.com.tr\/?page_id=219\" title=\"Devam\u0131\" class=\"vcex-button theme-button align-center inline animate-on-hover\" target=\"_blank\" style=\"padding:10px 30px;border-radius:0px;\"><span class=\"theme-button-inner\">Devam\u0131<\/span><\/a><\/div> [\/vc_column][vc_column width=&#8221;1\/3&#8243;][vc_single_image image=&#8221;398&#8243; img_size=&#8221;medium&#8221;][\/vc_column][\/vc_row][vc_row][vc_column width=&#8221;1\/3&#8243;][vc_single_image image=&#8221;304&#8243; add_caption=&#8221;yes&#8221; alignment=&#8221;center&#8221; onclick=&#8221;custom_link&#8221; img_link_target=&#8221;_blank&#8221; link=&#8221;https:\/\/belediye.adetsis.com\/asansorkontrol\/Login.aspx&#8221; img_caption=&#8221;BELED\u0130YELER \u0130\u00c7\u0130N RAPOR SORGULAMA&#8221; img_hover=&#8221;blurr&#8221; css=&#8221;.vc_custom_1720450244877{padding-top: 40px !important;}&#8221;][\/vc_column][vc_column width=&#8221;1\/3&#8243;][vc_single_image image=&#8221;305&#8243; add_caption=&#8221;yes&#8221; alignment=&#8221;center&#8221; onclick=&#8221;custom_link&#8221; img_link_target=&#8221;_blank&#8221; link=&#8221;http:\/\/musteri.adetsis.com\/asansorkontrol\/&#8221; img_caption=&#8221;M\u00dc\u015eTER\u0130LER \u0130\u00c7\u0130N RAPOR SORGULAMA&#8221; img_hover=&#8221;blurr&#8221; css=&#8221;.vc_custom_1669227222116{padding-top: 40px !important;}&#8221;][\/vc_column][vc_column width=&#8221;1\/3&#8243;][vc_single_image image=&#8221;303&#8243; add_caption=&#8221;yes&#8221; alignment=&#8221;center&#8221; onclick=&#8221;custom_link&#8221; img_link_target=&#8221;_blank&#8221; link=&#8221;https:\/\/morryell.aidaform.com\/asansor_formu&#8221; img_caption=&#8221;MUAYENE BA\u015eVURUSU&#8221; img_hover=&#8221;blurr&#8221; css=&#8221;.vc_custom_1761649710804{padding-top: 40px !important;}&#8221;][\/vc_column][\/vc_row][vc_row css=&#8221;.vc_custom_1666526910525{margin-top: 30px !important;margin-right: 10px !important;margin-bottom: 30px !important;margin-left: 10px !important;}&#8221;][vc_column width=&#8221;1\/4&#8243;][vc_hoverbox image=&#8221;402&#8243; primary_title=&#8221;&#8221; hover_title=&#8221;&#8221; hover_background_color=&#8221;sky&#8221;]\n<h3 style=\"text-align: center;\"><b>ASANS\u00d6R\u00dcN KULLANILMASI UYGUNDUR<\/b><\/h3>\n<h3 style=\"text-align: center;\">Bak\u0131mlar\u0131n ve kontrollerin ihmal edilmemesi gerekir.<\/h3>\n[\/vc_hoverbox][vc_row_inner][vc_column_inner][vc_column_text color=&#8221;#6ed624&#8243;]\n<h2 style=\"text-align: center;\">YE\u015e\u0130L ET\u0130KET<br \/>\nASANS\u00d6R\u00dcN KULLANILMASI UYGUNDUR<\/h2>\n[\/vc_column_text][\/vc_column_inner][\/vc_row_inner][\/vc_column][vc_column width=&#8221;1\/4&#8243;][vc_hoverbox image=&#8221;401&#8243; primary_title=&#8221;&#8221; hover_title=&#8221;&#8221; hover_background_color=&#8221;sky&#8221;]\n<h3 style=\"text-align: center;\"><b>ASANS\u00d6R\u00dcN KULLANILMASINDA SAKINCA YOKTUR<\/b><\/h3>\n<h3 style=\"text-align: center;\">Tespit edilen uygunsuzluklar\u0131n bir sonraki periyodik kontrole kadar giderilmesi gerekir.<\/h3>\n[\/vc_hoverbox][vc_row_inner][vc_column_inner][vc_column_text color=&#8221;#1e73be&#8221;]\n<h2 style=\"text-align: center;\">MAV\u0130 ET\u0130KET<br \/>\nASANS\u00d6R\u00dcN KULLANILMASINDA SAKINCA YOKTUR<\/h2>\n[\/vc_column_text][\/vc_column_inner][\/vc_row_inner][\/vc_column][vc_column width=&#8221;1\/4&#8243;][vc_hoverbox image=&#8221;404&#8243; primary_title=&#8221;&#8221; hover_title=&#8221;&#8221; hover_background_color=&#8221;sky&#8221;]\n<h3><b>KUSURLU ASANS\u00d6R<\/b><\/h3>\n<h3>Tespit edilen uygunsuzluklar\u0131n 120 g\u00fcnde giderilmesi gerekir.<\/h3>\n[\/vc_hoverbox][vc_row_inner][vc_column_inner][vc_column_text color=&#8221;#eeee22&#8243;]\n<h2 style=\"text-align: center;\">SARI ET\u0130KET<br \/>\nKUSURLU ASANS\u00d6R<\/h2>\n[\/vc_column_text][\/vc_column_inner][\/vc_row_inner][\/vc_column][vc_column width=&#8221;1\/4&#8243;][vc_hoverbox image=&#8221;403&#8243; primary_title=&#8221;&#8221; hover_title=&#8221;&#8221; hover_background_color=&#8221;sky&#8221;]\n<h3><b>G\u00dcVENS\u0130Z ASANS\u00d6R\u00a0<\/b><\/h3>\n<h3>Tespit edilen uygunsuzluklar\u0131n 60 g\u00fcnde giderilmesi gerekir.<\/h3>\n[\/vc_hoverbox][vc_row_inner][vc_column_inner][vc_column_text color=&#8221;#dd3333&#8243;]\n<h2 style=\"text-align: center;\">KIRMIZI ET\u0130KET<br \/>\nG\u00dcVENS\u0130Z ASANS\u00d6R<\/h2>\n[\/vc_column_text][\/vc_column_inner][\/vc_row_inner][\/vc_column][\/vc_row][vc_row css=&#8221;.vc_custom_1666527341761{padding-top: 40px !important;padding-bottom: 40px !important;}&#8221;][vc_column]<div class=\"vcex-spacing\" style=\"height:40px\"><\/div><div class=\"vcex-module wpex-carousel wpex-carousel-images clr owl-carousel\" data-wpex-carousel=\"{&quot;nav&quot;:false,&quot;dots&quot;:true,&quot;autoplay&quot;:true,&quot;loop&quot;:true,&quot;center&quot;:false,&quot;smartSpeed&quot;:150,&quot;items&quot;:7,&quot;slideBy&quot;:7,&quot;autoplayTimeout&quot;:5000,&quot;margin&quot;:30,&quot;itemsTablet&quot;:4,&quot;itemsMobileLandscape&quot;:2,&quot;itemsMobilePortrait&quot;:1,&quot;autoWidth&quot;:false,&quot;autoHeight&quot;:false}\"><div class=\"wpex-carousel-slide\"><figure class=\"wpex-carousel-entry-media clr\"><img loading=\"lazy\" decoding=\"async\" data-no-lazy=\"1\" class=\"skip-lazy\" src=\"https:\/\/asansorkontrol.com.tr\/wp-content\/uploads\/2022\/10\/b_altindag.jpg\" alt='' data-no-retina width=\"100\" height=\"100\" \/><\/figure><\/div><div class=\"wpex-carousel-slide\"><figure class=\"wpex-carousel-entry-media clr\"><img loading=\"lazy\" decoding=\"async\" data-no-lazy=\"1\" class=\"skip-lazy\" src=\"https:\/\/asansorkontrol.com.tr\/wp-content\/uploads\/2022\/10\/b_beypazari.jpg\" alt='' data-no-retina width=\"100\" height=\"100\" \/><\/figure><\/div><div class=\"wpex-carousel-slide\"><figure class=\"wpex-carousel-entry-media clr\"><img loading=\"lazy\" decoding=\"async\" data-no-lazy=\"1\" class=\"skip-lazy\" src=\"https:\/\/asansorkontrol.com.tr\/wp-content\/uploads\/2024\/12\/mlkgz-1.jpg\" alt='' data-no-retina width=\"100\" height=\"100\" \/><\/figure><\/div><div class=\"wpex-carousel-slide\"><figure class=\"wpex-carousel-entry-media clr\"><img loading=\"lazy\" decoding=\"async\" data-no-lazy=\"1\" class=\"skip-lazy\" src=\"https:\/\/asansorkontrol.com.tr\/wp-content\/uploads\/2022\/10\/b_cesme.jpg\" alt='' data-no-retina width=\"100\" height=\"100\" \/><\/figure><\/div><div class=\"wpex-carousel-slide\"><figure class=\"wpex-carousel-entry-media clr\"><img loading=\"lazy\" decoding=\"async\" data-no-lazy=\"1\" class=\"skip-lazy\" src=\"https:\/\/asansorkontrol.com.tr\/wp-content\/uploads\/2024\/12\/dortyol-2.jpg\" alt='' data-no-retina width=\"100\" height=\"100\" \/><\/figure><\/div><div class=\"wpex-carousel-slide\"><figure class=\"wpex-carousel-entry-media clr\"><img loading=\"lazy\" decoding=\"async\" data-no-lazy=\"1\" class=\"skip-lazy\" src=\"https:\/\/asansorkontrol.com.tr\/wp-content\/uploads\/2024\/12\/payas-1.jpg\" alt='' data-no-retina width=\"100\" height=\"100\" \/><\/figure><\/div><div class=\"wpex-carousel-slide\"><figure class=\"wpex-carousel-entry-media clr\"><img loading=\"lazy\" decoding=\"async\" data-no-lazy=\"1\" class=\"skip-lazy\" src=\"https:\/\/asansorkontrol.com.tr\/wp-content\/uploads\/2022\/10\/b_cmd.jpg\" alt='' data-no-retina width=\"100\" height=\"100\" \/><\/figure><\/div><div class=\"wpex-carousel-slide\"><figure class=\"wpex-carousel-entry-media clr\"><img loading=\"lazy\" decoding=\"async\" data-no-lazy=\"1\" class=\"skip-lazy\" src=\"https:\/\/asansorkontrol.com.tr\/wp-content\/uploads\/2022\/10\/b_cubuk.jpg\" alt='' data-no-retina width=\"100\" height=\"100\" \/><\/figure><\/div><div class=\"wpex-carousel-slide\"><figure class=\"wpex-carousel-entry-media clr\"><img loading=\"lazy\" decoding=\"async\" data-no-lazy=\"1\" class=\"skip-lazy\" src=\"https:\/\/asansorkontrol.com.tr\/wp-content\/uploads\/2022\/10\/b_kizil.jpg\" alt='' data-no-retina width=\"100\" height=\"100\" \/><\/figure><\/div><div class=\"wpex-carousel-slide\"><figure class=\"wpex-carousel-entry-media clr\"><img loading=\"lazy\" decoding=\"async\" data-no-lazy=\"1\" class=\"skip-lazy\" src=\"https:\/\/asansorkontrol.com.tr\/wp-content\/uploads\/2022\/10\/b_ayas.jpg\" alt='' data-no-retina width=\"100\" height=\"100\" \/><\/figure><\/div><div class=\"wpex-carousel-slide\"><figure class=\"wpex-carousel-entry-media clr\"><img loading=\"lazy\" decoding=\"async\" data-no-lazy=\"1\" class=\"skip-lazy\" src=\"https:\/\/asansorkontrol.com.tr\/wp-content\/uploads\/2022\/10\/b_baclova.jpg\" alt='' data-no-retina width=\"100\" height=\"100\" \/><\/figure><\/div><div class=\"wpex-carousel-slide\"><figure class=\"wpex-carousel-entry-media clr\"><img loading=\"lazy\" decoding=\"async\" data-no-lazy=\"1\" class=\"skip-lazy\" src=\"https:\/\/asansorkontrol.com.tr\/wp-content\/uploads\/2024\/12\/belen-1.jpg\" alt='' data-no-retina width=\"100\" height=\"100\" \/><\/figure><\/div><div class=\"wpex-carousel-slide\"><figure class=\"wpex-carousel-entry-media clr\"><img loading=\"lazy\" decoding=\"async\" data-no-lazy=\"1\" class=\"skip-lazy\" src=\"https:\/\/asansorkontrol.com.tr\/wp-content\/uploads\/2022\/10\/b_kazan.jpg\" alt='' data-no-retina width=\"100\" height=\"100\" \/><\/figure><\/div><div class=\"wpex-carousel-slide\"><figure class=\"wpex-carousel-entry-media clr\"><img loading=\"lazy\" decoding=\"async\" data-no-lazy=\"1\" class=\"skip-lazy\" src=\"https:\/\/asansorkontrol.com.tr\/wp-content\/uploads\/2022\/10\/b_bala.jpg\" alt='' data-no-retina width=\"100\" height=\"100\" \/><\/figure><\/div><div class=\"wpex-carousel-slide\"><figure class=\"wpex-carousel-entry-media clr\"><img loading=\"lazy\" decoding=\"async\" data-no-lazy=\"1\" class=\"skip-lazy\" src=\"https:\/\/asansorkontrol.com.tr\/wp-content\/uploads\/2022\/10\/b_abb.jpg\" alt='' data-no-retina width=\"100\" height=\"100\" \/><\/figure><\/div><div class=\"wpex-carousel-slide\"><figure class=\"wpex-carousel-entry-media clr\"><img loading=\"lazy\" decoding=\"async\" data-no-lazy=\"1\" class=\"skip-lazy\" src=\"https:\/\/asansorkontrol.com.tr\/wp-content\/uploads\/2022\/10\/b_elmadag.jpg\" alt='' data-no-retina width=\"100\" height=\"100\" \/><\/figure><\/div><div class=\"wpex-carousel-slide\"><figure class=\"wpex-carousel-entry-media clr\"><img loading=\"lazy\" decoding=\"async\" data-no-lazy=\"1\" class=\"skip-lazy\" src=\"https:\/\/asansorkontrol.com.tr\/wp-content\/uploads\/2022\/10\/b_sabanozu.jpg\" alt='' data-no-retina width=\"100\" height=\"100\" \/><\/figure><\/div><div class=\"wpex-carousel-slide\"><figure class=\"wpex-carousel-entry-media clr\"><img loading=\"lazy\" decoding=\"async\" data-no-lazy=\"1\" class=\"skip-lazy\" src=\"https:\/\/asansorkontrol.com.tr\/wp-content\/uploads\/2022\/10\/b_develi.jpg\" alt='' data-no-retina width=\"100\" height=\"100\" \/><\/figure><\/div><div class=\"wpex-carousel-slide\"><figure class=\"wpex-carousel-entry-media clr\"><img loading=\"lazy\" decoding=\"async\" data-no-lazy=\"1\" class=\"skip-lazy\" src=\"https:\/\/asansorkontrol.com.tr\/wp-content\/uploads\/2022\/10\/b_ilgaz.jpg\" alt='' data-no-retina width=\"100\" height=\"100\" \/><\/figure><\/div><div class=\"wpex-carousel-slide\"><figure class=\"wpex-carousel-entry-media clr\"><img loading=\"lazy\" decoding=\"async\" data-no-lazy=\"1\" class=\"skip-lazy\" src=\"https:\/\/asansorkontrol.com.tr\/wp-content\/uploads\/2024\/12\/yildirim-1.jpg\" alt='' data-no-retina width=\"100\" height=\"100\" \/><\/figure><\/div><div class=\"wpex-carousel-slide\"><figure class=\"wpex-carousel-entry-media clr\"><img loading=\"lazy\" decoding=\"async\" data-no-lazy=\"1\" class=\"skip-lazy\" src=\"https:\/\/asansorkontrol.com.tr\/wp-content\/uploads\/2022\/10\/b_gudul.jpg\" alt='' data-no-retina width=\"100\" height=\"100\" \/><\/figure><\/div><div class=\"wpex-carousel-slide\"><figure class=\"wpex-carousel-entry-media clr\"><img loading=\"lazy\" decoding=\"async\" data-no-lazy=\"1\" class=\"skip-lazy\" src=\"https:\/\/asansorkontrol.com.tr\/wp-content\/uploads\/2022\/10\/b_nd.jpg\" alt='' data-no-retina width=\"100\" height=\"100\" \/><\/figure><\/div><\/div>[\/vc_column][\/vc_row]\n","protected":false},"excerpt":{"rendered":"<p>[vc_row tablet_fullwidth_cols=&#8221;yes&#8221; css=&#8221;.vc_custom_1520019953845{padding-top: 60px !important;padding-bottom: 20px !important;}&#8221;][vc_column width=&#8221;1\/4&#8243;][\/vc_column][vc_column width=&#8221;1\/4&#8243;][\/vc_column][vc_column width=&#8221;1\/4&#8243;][\/vc_column][vc_column width=&#8221;1\/4&#8243;][\/vc_column][\/vc_row][vc_row full_width=&#8221;stretch_row&#8221; parallax=&#8221;content-moving&#8221; parallax_image=&#8221;165&#8243; remove_bottom_col_margin=&#8221;true&#8221; css=&#8221;.vc_custom_1666390231233{padding-top: 100px !important;padding-bottom: 100px !important;background-color: #555555 !important;}&#8221;][vc_column width=&#8221;2\/3&#8243;][vc_column_text width=&#8221;700px&#8221; color=&#8221;#ffffff&#8221; font_size=&#8221;16&#8243;] Bina sorumlusu: Asans\u00f6r\u00fcn g\u00fcvenli bir \u015fekilde kullan\u0131m\u0131n\u0131 sa\u011flamak amac\u0131yla d\u00fczenli olarak bak\u0131m\u0131n\u0131, periyodik kontrol\u00fcn\u00fc&hellip;<\/p>\n","protected":false},"author":1,"featured_media":0,"parent":0,"menu_order":0,"comment_status":"closed","ping_status":"closed","template":"","meta":{"footnotes":""},"class_list":["post-121","page","type-page","status-publish","hentry","entry","no-media"],"_links":{"self":[{"href":"https:\/\/asansorkontrol.com.tr\/index.php?rest_route=\/wp\/v2\/pages\/121","targetHints":{"allow":["GET"]}}],"collection":[{"href":"https:\/\/asansorkontrol.com.tr\/index.php?rest_route=\/wp\/v2\/pages"}],"about":[{"href":"https:\/\/asansorkontrol.com.tr\/index.php?rest_route=\/wp\/v2\/types\/page"}],"author":[{"embeddable":true,"href":"https:\/\/asansorkontrol.com.tr\/index.php?rest_route=\/wp\/v2\/users\/1"}],"replies":[{"embeddable":true,"href":"https:\/\/asansorkontrol.com.tr\/index.php?rest_route=%2Fwp%2Fv2%2Fcomments&post=121"}],"version-history":[{"count":7,"href":"https:\/\/asansorkontrol.com.tr\/index.php?rest_route=\/wp\/v2\/pages\/121\/revisions"}],"predecessor-version":[{"id":541,"href":"https:\/\/asansorkontrol.com.tr\/index.php?rest_route=\/wp\/v2\/pages\/121\/revisions\/541"}],"wp:attachment":[{"href":"https:\/\/asansorkontrol.com.tr\/index.php?rest_route=%2Fwp%2Fv2%2Fmedia&parent=121"}],"curies":[{"name":"wp","href":"https:\/\/api.w.org\/{rel}","templated":true}]}}